{"id":25117,"date":"2019-08-22T10:24:17","date_gmt":"2019-08-22T09:24:17","guid":{"rendered":"https:\/\/www.phonedroid.fr\/blog\/?page_id=25117"},"modified":"2024-08-08T15:18:04","modified_gmt":"2024-08-08T14:18:04","slug":"mentions-legales","status":"publish","type":"page","link":"https:\/\/www.phonedroid.fr\/blog\/mentions-legales\/","title":{"rendered":"Mentions l\u00e9gales"},"content":{"rendered":"\n<p><strong>Mentions l\u00e9gales <\/strong><strong>du site internet&nbsp;<a href=\"http:\/\/www.phonedroid.fr\/\">www.phonedroid.fr<\/a><\/strong><\/p>\n\n\n\n<p><strong>Le client peut s&rsquo;inscrire sur la liste d&rsquo;opposition au d\u00e9marchage t\u00e9l\u00e9phonique Bloctel. Pour cela, rendez-vous sur le site www.bloctel.gouv.fr<\/strong><\/p>\n\n\n\n<p><strong>ARTICLE 1.&nbsp;&nbsp;&nbsp;<\/strong><strong>MENTIONS LEGALES<\/strong><\/p>\n\n\n\n<p><strong>1.1.&nbsp;&nbsp;<\/strong><strong>Editeur<\/strong><\/p>\n\n\n\n<p>Vous \u00eates actuellement connect\u00e9 au site internet\u00a0<a href=\"http:\/\/www.phonedroid.fr\/\">www.phonedroid.fr<\/a>, \u00e9dit\u00e9 par M. Nicolas Van Branteghem, exer\u00e7ant sous l\u2019appellation \u00ab\u00a0PhoneDroid\u00a0\u00bb, SARL, RCS de Lille : 840 935 449, si\u00e8ge social : 5 Avenue Henri Poincar\u00e9, 59910 Bondues, France, t\u00e9l\u00e9phone : +33967844754, email :\u00a0<a href=\"mailto:support@phonedroid.fr\">support@phonedroid.fr<\/a>, n\u00b0 de TVA intracommunautaire : FR 95 840935449, directeur de la publication et responsable de la r\u00e9daction : Nicolas VAN BRANTEGHEM.<\/p>\n\n\n\n<p><strong>1.2.&nbsp;&nbsp;<\/strong><strong>H\u00e9bergeur<\/strong><\/p>\n\n\n\n<p>Le Site est h\u00e9berg\u00e9 par PHP Net, si\u00e8ge social : 97-97 bis rue du G\u00e9n\u00e9ral Mangin, 38100 Grenoble, t\u00e9l\u00e9phone : +33482530210.<\/p>\n","protected":false},"excerpt":{"rendered":"<p>Mentions l\u00e9gales du site internet&nbsp;www.phonedroid.fr Le client peut s&rsquo;inscrire sur la liste d&rsquo;opposition au d\u00e9marchage t\u00e9l\u00e9phonique Bloctel. Pour cela, rendez-vous sur le site www.bloctel.gouv.fr ARTICLE 1.&nbsp;&nbsp;&nbsp;MENTIONS LEGALES 1.1.&nbsp;&nbsp;Editeur Vous \u00eates actuellement connect\u00e9 au site internet\u00a0www.phonedroid.fr, \u00e9dit\u00e9 par M. Nicolas Van Branteghem, exer\u00e7ant sous l\u2019appellation \u00ab\u00a0PhoneDroid\u00a0\u00bb, SARL, RCS de Lille : 840 935 449, si\u00e8ge social [&hellip;]<\/p>\n","protected":false},"author":16,"featured_media":0,"parent":0,"menu_order":0,"comment_status":"closed","ping_status":"closed","template":"","meta":{"footnotes":""},"class_list":["post-25117","page","type-page","status-publish"],"yoast_head":"<!-- This site is optimized with the Yoast SEO plugin v27.5 - https:\/\/yoast.com\/product\/yoast-seo-wordpress\/ -->\n<title>Mentions l\u00e9gales \u2022 Actualit\u00e9 Smartphone et Tablette - PhoneDroid<\/title>\n<meta name=\"description\" content=\"Mentions l\u00e9gales du site internet&nbsp;www.phonedroid.fr Le client peut s&#039;inscrire sur la liste d&#039;opposition au d\u00e9marchage t\u00e9l\u00e9phonique Bloctel. Pour\" \/>\n<meta name=\"robots\" content=\"index, follow, max-snippet:-1, max-image-preview:large, max-video-preview:-1\" \/>\n<link rel=\"canonical\" href=\"https:\/\/www.phonedroid.fr\/blog\/mentions-legales\/\" \/>\n<meta property=\"og:locale\" content=\"fr_FR\" \/>\n<meta property=\"og:type\" content=\"article\" \/>\n<meta property=\"og:title\" content=\"Mentions l\u00e9gales \u2022 Actualit\u00e9 Smartphone et Tablette - PhoneDroid\" \/>\n<meta property=\"og:description\" content=\"Mentions l\u00e9gales du site internet&nbsp;www.phonedroid.fr Le client peut s&#039;inscrire sur la liste d&#039;opposition au d\u00e9marchage t\u00e9l\u00e9phonique Bloctel. Pour\" \/>\n<meta property=\"og:url\" content=\"https:\/\/www.phonedroid.fr\/blog\/mentions-legales\/\" \/>\n<meta property=\"og:site_name\" content=\"Actualit\u00e9 Smartphone et Tablette - PhoneDroid\" \/>\n<meta property=\"article:publisher\" content=\"https:\/\/www.facebook.com\/pages\/Phonedroidfr\/503759289696160\" \/>\n<meta property=\"article:modified_time\" content=\"2024-08-08T14:18:04+00:00\" \/>\n<meta name=\"twitter:label1\" content=\"Dur\u00e9e de lecture estim\u00e9e\" \/>\n\t<meta name=\"twitter:data1\" content=\"1 minute\" \/>\n<script type=\"application\/ld+json\" class=\"yoast-schema-graph\">{\"@context\":\"https:\\\/\\\/schema.org\",\"@graph\":[{\"@type\":\"WebPage\",\"@id\":\"https:\\\/\\\/www.phonedroid.fr\\\/blog\\\/mentions-legales\\\/\",\"url\":\"https:\\\/\\\/www.phonedroid.fr\\\/blog\\\/mentions-legales\\\/\",\"name\":\"Mentions l\u00e9gales \u2022 Actualit\u00e9 Smartphone et Tablette - PhoneDroid\",\"isPartOf\":{\"@id\":\"https:\\\/\\\/www.phonedroid.fr\\\/blog\\\/#website\"},\"datePublished\":\"2019-08-22T09:24:17+00:00\",\"dateModified\":\"2024-08-08T14:18:04+00:00\",\"description\":\"Mentions l\u00e9gales du site internet&nbsp;www.phonedroid.fr Le client peut s'inscrire sur la liste d'opposition au d\u00e9marchage t\u00e9l\u00e9phonique Bloctel. Pour\",\"breadcrumb\":{\"@id\":\"https:\\\/\\\/www.phonedroid.fr\\\/blog\\\/mentions-legales\\\/#breadcrumb\"},\"inLanguage\":\"fr-FR\",\"potentialAction\":[{\"@type\":\"ReadAction\",\"target\":[\"https:\\\/\\\/www.phonedroid.fr\\\/blog\\\/mentions-legales\\\/\"]}]},{\"@type\":\"BreadcrumbList\",\"@id\":\"https:\\\/\\\/www.phonedroid.fr\\\/blog\\\/mentions-legales\\\/#breadcrumb\",\"itemListElement\":[{\"@type\":\"ListItem\",\"position\":1,\"name\":\"Accueil\",\"item\":\"https:\\\/\\\/www.phonedroid.fr\\\/blog\\\/\"},{\"@type\":\"ListItem\",\"position\":2,\"name\":\"Mentions l\u00e9gales\"}]},{\"@type\":\"WebSite\",\"@id\":\"https:\\\/\\\/www.phonedroid.fr\\\/blog\\\/#website\",\"url\":\"https:\\\/\\\/www.phonedroid.fr\\\/blog\\\/\",\"name\":\"Actualit\u00e9 Smartphone et Tablette - PhoneDroid\",\"description\":\"Toutes les news sur les smartphones et tablettes Android !\",\"publisher\":{\"@id\":\"https:\\\/\\\/www.phonedroid.fr\\\/blog\\\/#organization\"},\"potentialAction\":[{\"@type\":\"SearchAction\",\"target\":{\"@type\":\"EntryPoint\",\"urlTemplate\":\"https:\\\/\\\/www.phonedroid.fr\\\/blog\\\/?s={search_term_string}\"},\"query-input\":{\"@type\":\"PropertyValueSpecification\",\"valueRequired\":true,\"valueName\":\"search_term_string\"}}],\"inLanguage\":\"fr-FR\"},{\"@type\":\"Organization\",\"@id\":\"https:\\\/\\\/www.phonedroid.fr\\\/blog\\\/#organization\",\"name\":\"PhoneDroid\",\"url\":\"https:\\\/\\\/www.phonedroid.fr\\\/blog\\\/\",\"logo\":{\"@type\":\"ImageObject\",\"inLanguage\":\"fr-FR\",\"@id\":\"https:\\\/\\\/www.phonedroid.fr\\\/blog\\\/#\\\/schema\\\/logo\\\/image\\\/\",\"url\":\"https:\\\/\\\/i0.wp.com\\\/www.phonedroid.fr\\\/blog\\\/wp-content\\\/uploads\\\/2024\\\/08\\\/PHONE-DROID_logotype.png?fit=280%2C80&ssl=1\",\"contentUrl\":\"https:\\\/\\\/i0.wp.com\\\/www.phonedroid.fr\\\/blog\\\/wp-content\\\/uploads\\\/2024\\\/08\\\/PHONE-DROID_logotype.png?fit=280%2C80&ssl=1\",\"width\":280,\"height\":80,\"caption\":\"PhoneDroid\"},\"image\":{\"@id\":\"https:\\\/\\\/www.phonedroid.fr\\\/blog\\\/#\\\/schema\\\/logo\\\/image\\\/\"},\"sameAs\":[\"https:\\\/\\\/www.facebook.com\\\/pages\\\/Phonedroidfr\\\/503759289696160\",\"https:\\\/\\\/x.com\\\/PhoneDroid_fr\"]}]}<\/script>\n<!-- \/ Yoast SEO plugin. -->","yoast_head_json":{"title":"Mentions l\u00e9gales \u2022 Actualit\u00e9 Smartphone et Tablette - PhoneDroid","description":"Mentions l\u00e9gales du site internet&nbsp;www.phonedroid.fr Le client peut s'inscrire sur la liste d'opposition au d\u00e9marchage t\u00e9l\u00e9phonique Bloctel. Pour","robots":{"index":"index","follow":"follow","max-snippet":"max-snippet:-1","max-image-preview":"max-image-preview:large","max-video-preview":"max-video-preview:-1"},"canonical":"https:\/\/www.phonedroid.fr\/blog\/mentions-legales\/","og_locale":"fr_FR","og_type":"article","og_title":"Mentions l\u00e9gales \u2022 Actualit\u00e9 Smartphone et Tablette - PhoneDroid","og_description":"Mentions l\u00e9gales du site internet&nbsp;www.phonedroid.fr Le client peut s'inscrire sur la liste d'opposition au d\u00e9marchage t\u00e9l\u00e9phonique Bloctel. Pour","og_url":"https:\/\/www.phonedroid.fr\/blog\/mentions-legales\/","og_site_name":"Actualit\u00e9 Smartphone et Tablette - PhoneDroid","article_publisher":"https:\/\/www.facebook.com\/pages\/Phonedroidfr\/503759289696160","article_modified_time":"2024-08-08T14:18:04+00:00","twitter_misc":{"Dur\u00e9e de lecture estim\u00e9e":"1 minute"},"schema":{"@context":"https:\/\/schema.org","@graph":[{"@type":"WebPage","@id":"https:\/\/www.phonedroid.fr\/blog\/mentions-legales\/","url":"https:\/\/www.phonedroid.fr\/blog\/mentions-legales\/","name":"Mentions l\u00e9gales \u2022 Actualit\u00e9 Smartphone et Tablette - PhoneDroid","isPartOf":{"@id":"https:\/\/www.phonedroid.fr\/blog\/#website"},"datePublished":"2019-08-22T09:24:17+00:00","dateModified":"2024-08-08T14:18:04+00:00","description":"Mentions l\u00e9gales du site internet&nbsp;www.phonedroid.fr Le client peut s'inscrire sur la liste d'opposition au d\u00e9marchage t\u00e9l\u00e9phonique Bloctel. Pour","breadcrumb":{"@id":"https:\/\/www.phonedroid.fr\/blog\/mentions-legales\/#breadcrumb"},"inLanguage":"fr-FR","potentialAction":[{"@type":"ReadAction","target":["https:\/\/www.phonedroid.fr\/blog\/mentions-legales\/"]}]},{"@type":"BreadcrumbList","@id":"https:\/\/www.phonedroid.fr\/blog\/mentions-legales\/#breadcrumb","itemListElement":[{"@type":"ListItem","position":1,"name":"Accueil","item":"https:\/\/www.phonedroid.fr\/blog\/"},{"@type":"ListItem","position":2,"name":"Mentions l\u00e9gales"}]},{"@type":"WebSite","@id":"https:\/\/www.phonedroid.fr\/blog\/#website","url":"https:\/\/www.phonedroid.fr\/blog\/","name":"Actualit\u00e9 Smartphone et Tablette - PhoneDroid","description":"Toutes les news sur les smartphones et tablettes Android !","publisher":{"@id":"https:\/\/www.phonedroid.fr\/blog\/#organization"},"potentialAction":[{"@type":"SearchAction","target":{"@type":"EntryPoint","urlTemplate":"https:\/\/www.phonedroid.fr\/blog\/?s={search_term_string}"},"query-input":{"@type":"PropertyValueSpecification","valueRequired":true,"valueName":"search_term_string"}}],"inLanguage":"fr-FR"},{"@type":"Organization","@id":"https:\/\/www.phonedroid.fr\/blog\/#organization","name":"PhoneDroid","url":"https:\/\/www.phonedroid.fr\/blog\/","logo":{"@type":"ImageObject","inLanguage":"fr-FR","@id":"https:\/\/www.phonedroid.fr\/blog\/#\/schema\/logo\/image\/","url":"https:\/\/i0.wp.com\/www.phonedroid.fr\/blog\/wp-content\/uploads\/2024\/08\/PHONE-DROID_logotype.png?fit=280%2C80&ssl=1","contentUrl":"https:\/\/i0.wp.com\/www.phonedroid.fr\/blog\/wp-content\/uploads\/2024\/08\/PHONE-DROID_logotype.png?fit=280%2C80&ssl=1","width":280,"height":80,"caption":"PhoneDroid"},"image":{"@id":"https:\/\/www.phonedroid.fr\/blog\/#\/schema\/logo\/image\/"},"sameAs":["https:\/\/www.facebook.com\/pages\/Phonedroidfr\/503759289696160","https:\/\/x.com\/PhoneDroid_fr"]}]}},"jetpack_sharing_enabled":true,"_links":{"self":[{"href":"https:\/\/www.phonedroid.fr\/blog\/wp-json\/wp\/v2\/pages\/25117","targetHints":{"allow":["GET"]}}],"collection":[{"href":"https:\/\/www.phonedroid.fr\/blog\/wp-json\/wp\/v2\/pages"}],"about":[{"href":"https:\/\/www.phonedroid.fr\/blog\/wp-json\/wp\/v2\/types\/page"}],"author":[{"embeddable":true,"href":"https:\/\/www.phonedroid.fr\/blog\/wp-json\/wp\/v2\/users\/16"}],"replies":[{"embeddable":true,"href":"https:\/\/www.phonedroid.fr\/blog\/wp-json\/wp\/v2\/comments?post=25117"}],"version-history":[{"count":3,"href":"https:\/\/www.phonedroid.fr\/blog\/wp-json\/wp\/v2\/pages\/25117\/revisions"}],"predecessor-version":[{"id":28780,"href":"https:\/\/www.phonedroid.fr\/blog\/wp-json\/wp\/v2\/pages\/25117\/revisions\/28780"}],"wp:attachment":[{"href":"https:\/\/www.phonedroid.fr\/blog\/wp-json\/wp\/v2\/media?parent=25117"}],"curies":[{"name":"wp","href":"https:\/\/api.w.org\/{rel}","templated":true}]}}