{"id":2,"date":"2013-06-16T16:15:53","date_gmt":"2013-06-16T15:15:53","guid":{"rendered":"https:\/\/www.phonedroid.fr\/blog\/?p=2"},"modified":"2019-02-03T02:28:16","modified_gmt":"2019-02-03T01:28:16","slug":"la-boutique","status":"publish","type":"page","link":"https:\/\/www.phonedroid.fr\/blog\/la-boutique\/","title":{"rendered":"La Boutique"},"content":{"rendered":"<p>Vous l&rsquo;aurez compris, ce blog vous permettra de vous tenir au courant des diff\u00e9rentes \u00e9volutions PhoneDroid.fr<\/p>\n<p>Mais pas que ! En effet, je posterai r\u00e9guli\u00e8rement pour vous tenir inform\u00e9 de l&rsquo;actualit\u00e9 de ces nouveaux smartphones chinois qui font beaucoup de bruit en cette p\u00e9riode de crise.<\/p>\n<p>Allez je vous donne rendez-vous sur la boutique <a title=\"Smartphone Android pas cher\" href=\"https:\/\/www.phonedroid.fr\" target=\"_blank\">ici<\/a> !<\/p>\n","protected":false},"excerpt":{"rendered":"<p>Vous l&rsquo;aurez compris, ce blog vous permettra de vous tenir au courant des diff\u00e9rentes \u00e9volutions PhoneDroid.fr Mais pas que ! En effet, je posterai r\u00e9guli\u00e8rement pour vous tenir inform\u00e9 de l&rsquo;actualit\u00e9 de ces nouveaux smartphones chinois qui font beaucoup de bruit en cette p\u00e9riode de crise. Allez je vous donne rendez-vous sur la boutique ici [&hellip;]<\/p>\n","protected":false},"author":1,"featured_media":0,"parent":0,"menu_order":0,"comment_status":"closed","ping_status":"closed","template":"","meta":{"footnotes":""},"class_list":["post-2","page","type-page","status-publish"],"yoast_head":"<!-- This site is optimized with the Yoast SEO plugin v27.5 - https:\/\/yoast.com\/product\/yoast-seo-wordpress\/ -->\n<title>La Boutique \u2022 Actualit\u00e9 Smartphone et Tablette - PhoneDroid<\/title>\n<meta name=\"description\" content=\"Vous l&#039;aurez compris, ce blog vous permettra de vous tenir au courant des diff\u00e9rentes \u00e9volutions PhoneDroid.fr Mais pas que ! En effet, je posterai\" \/>\n<meta name=\"robots\" content=\"noindex, follow\" \/>\n<meta property=\"og:locale\" content=\"fr_FR\" \/>\n<meta property=\"og:type\" content=\"article\" \/>\n<meta property=\"og:title\" content=\"La Boutique \u2022 Actualit\u00e9 Smartphone et Tablette - PhoneDroid\" \/>\n<meta property=\"og:description\" content=\"Vous l&#039;aurez compris, ce blog vous permettra de vous tenir au courant des diff\u00e9rentes \u00e9volutions PhoneDroid.fr Mais pas que ! En effet, je posterai\" \/>\n<meta property=\"og:url\" content=\"https:\/\/www.phonedroid.fr\/blog\/la-boutique\/\" \/>\n<meta property=\"og:site_name\" content=\"Actualit\u00e9 Smartphone et Tablette - PhoneDroid\" \/>\n<meta property=\"article:publisher\" content=\"https:\/\/www.facebook.com\/pages\/Phonedroidfr\/503759289696160\" \/>\n<meta property=\"article:modified_time\" content=\"2019-02-03T01:28:16+00:00\" \/>\n<script type=\"application\/ld+json\" class=\"yoast-schema-graph\">{\"@context\":\"https:\\\/\\\/schema.org\",\"@graph\":[{\"@type\":\"WebPage\",\"@id\":\"https:\\\/\\\/www.phonedroid.fr\\\/blog\\\/la-boutique\\\/\",\"url\":\"https:\\\/\\\/www.phonedroid.fr\\\/blog\\\/la-boutique\\\/\",\"name\":\"La Boutique \u2022 Actualit\u00e9 Smartphone et Tablette - PhoneDroid\",\"isPartOf\":{\"@id\":\"https:\\\/\\\/www.phonedroid.fr\\\/blog\\\/#website\"},\"datePublished\":\"2013-06-16T15:15:53+00:00\",\"dateModified\":\"2019-02-03T01:28:16+00:00\",\"description\":\"Vous l'aurez compris, ce blog vous permettra de vous tenir au courant des diff\u00e9rentes \u00e9volutions PhoneDroid.fr Mais pas que ! En effet, je posterai\",\"breadcrumb\":{\"@id\":\"https:\\\/\\\/www.phonedroid.fr\\\/blog\\\/la-boutique\\\/#breadcrumb\"},\"inLanguage\":\"fr-FR\",\"potentialAction\":[{\"@type\":\"ReadAction\",\"target\":[\"https:\\\/\\\/www.phonedroid.fr\\\/blog\\\/la-boutique\\\/\"]}]},{\"@type\":\"BreadcrumbList\",\"@id\":\"https:\\\/\\\/www.phonedroid.fr\\\/blog\\\/la-boutique\\\/#breadcrumb\",\"itemListElement\":[{\"@type\":\"ListItem\",\"position\":1,\"name\":\"Accueil\",\"item\":\"https:\\\/\\\/www.phonedroid.fr\\\/blog\\\/\"},{\"@type\":\"ListItem\",\"position\":2,\"name\":\"La Boutique\"}]},{\"@type\":\"WebSite\",\"@id\":\"https:\\\/\\\/www.phonedroid.fr\\\/blog\\\/#website\",\"url\":\"https:\\\/\\\/www.phonedroid.fr\\\/blog\\\/\",\"name\":\"Actualit\u00e9 Smartphone et Tablette - PhoneDroid\",\"description\":\"Toutes les news sur les smartphones et tablettes Android !\",\"publisher\":{\"@id\":\"https:\\\/\\\/www.phonedroid.fr\\\/blog\\\/#organization\"},\"potentialAction\":[{\"@type\":\"SearchAction\",\"target\":{\"@type\":\"EntryPoint\",\"urlTemplate\":\"https:\\\/\\\/www.phonedroid.fr\\\/blog\\\/?s={search_term_string}\"},\"query-input\":{\"@type\":\"PropertyValueSpecification\",\"valueRequired\":true,\"valueName\":\"search_term_string\"}}],\"inLanguage\":\"fr-FR\"},{\"@type\":\"Organization\",\"@id\":\"https:\\\/\\\/www.phonedroid.fr\\\/blog\\\/#organization\",\"name\":\"PhoneDroid\",\"url\":\"https:\\\/\\\/www.phonedroid.fr\\\/blog\\\/\",\"logo\":{\"@type\":\"ImageObject\",\"inLanguage\":\"fr-FR\",\"@id\":\"https:\\\/\\\/www.phonedroid.fr\\\/blog\\\/#\\\/schema\\\/logo\\\/image\\\/\",\"url\":\"https:\\\/\\\/i0.wp.com\\\/www.phonedroid.fr\\\/blog\\\/wp-content\\\/uploads\\\/2024\\\/08\\\/PHONE-DROID_logotype.png?fit=280%2C80&ssl=1\",\"contentUrl\":\"https:\\\/\\\/i0.wp.com\\\/www.phonedroid.fr\\\/blog\\\/wp-content\\\/uploads\\\/2024\\\/08\\\/PHONE-DROID_logotype.png?fit=280%2C80&ssl=1\",\"width\":280,\"height\":80,\"caption\":\"PhoneDroid\"},\"image\":{\"@id\":\"https:\\\/\\\/www.phonedroid.fr\\\/blog\\\/#\\\/schema\\\/logo\\\/image\\\/\"},\"sameAs\":[\"https:\\\/\\\/www.facebook.com\\\/pages\\\/Phonedroidfr\\\/503759289696160\",\"https:\\\/\\\/x.com\\\/PhoneDroid_fr\"]}]}<\/script>\n<!-- \/ Yoast SEO plugin. -->","yoast_head_json":{"title":"La Boutique \u2022 Actualit\u00e9 Smartphone et Tablette - PhoneDroid","description":"Vous l'aurez compris, ce blog vous permettra de vous tenir au courant des diff\u00e9rentes \u00e9volutions PhoneDroid.fr Mais pas que ! En effet, je posterai","robots":{"index":"noindex","follow":"follow"},"og_locale":"fr_FR","og_type":"article","og_title":"La Boutique \u2022 Actualit\u00e9 Smartphone et Tablette - PhoneDroid","og_description":"Vous l'aurez compris, ce blog vous permettra de vous tenir au courant des diff\u00e9rentes \u00e9volutions PhoneDroid.fr Mais pas que ! En effet, je posterai","og_url":"https:\/\/www.phonedroid.fr\/blog\/la-boutique\/","og_site_name":"Actualit\u00e9 Smartphone et Tablette - PhoneDroid","article_publisher":"https:\/\/www.facebook.com\/pages\/Phonedroidfr\/503759289696160","article_modified_time":"2019-02-03T01:28:16+00:00","schema":{"@context":"https:\/\/schema.org","@graph":[{"@type":"WebPage","@id":"https:\/\/www.phonedroid.fr\/blog\/la-boutique\/","url":"https:\/\/www.phonedroid.fr\/blog\/la-boutique\/","name":"La Boutique \u2022 Actualit\u00e9 Smartphone et Tablette - PhoneDroid","isPartOf":{"@id":"https:\/\/www.phonedroid.fr\/blog\/#website"},"datePublished":"2013-06-16T15:15:53+00:00","dateModified":"2019-02-03T01:28:16+00:00","description":"Vous l'aurez compris, ce blog vous permettra de vous tenir au courant des diff\u00e9rentes \u00e9volutions PhoneDroid.fr Mais pas que ! En effet, je posterai","breadcrumb":{"@id":"https:\/\/www.phonedroid.fr\/blog\/la-boutique\/#breadcrumb"},"inLanguage":"fr-FR","potentialAction":[{"@type":"ReadAction","target":["https:\/\/www.phonedroid.fr\/blog\/la-boutique\/"]}]},{"@type":"BreadcrumbList","@id":"https:\/\/www.phonedroid.fr\/blog\/la-boutique\/#breadcrumb","itemListElement":[{"@type":"ListItem","position":1,"name":"Accueil","item":"https:\/\/www.phonedroid.fr\/blog\/"},{"@type":"ListItem","position":2,"name":"La Boutique"}]},{"@type":"WebSite","@id":"https:\/\/www.phonedroid.fr\/blog\/#website","url":"https:\/\/www.phonedroid.fr\/blog\/","name":"Actualit\u00e9 Smartphone et Tablette - PhoneDroid","description":"Toutes les news sur les smartphones et tablettes Android !","publisher":{"@id":"https:\/\/www.phonedroid.fr\/blog\/#organization"},"potentialAction":[{"@type":"SearchAction","target":{"@type":"EntryPoint","urlTemplate":"https:\/\/www.phonedroid.fr\/blog\/?s={search_term_string}"},"query-input":{"@type":"PropertyValueSpecification","valueRequired":true,"valueName":"search_term_string"}}],"inLanguage":"fr-FR"},{"@type":"Organization","@id":"https:\/\/www.phonedroid.fr\/blog\/#organization","name":"PhoneDroid","url":"https:\/\/www.phonedroid.fr\/blog\/","logo":{"@type":"ImageObject","inLanguage":"fr-FR","@id":"https:\/\/www.phonedroid.fr\/blog\/#\/schema\/logo\/image\/","url":"https:\/\/i0.wp.com\/www.phonedroid.fr\/blog\/wp-content\/uploads\/2024\/08\/PHONE-DROID_logotype.png?fit=280%2C80&ssl=1","contentUrl":"https:\/\/i0.wp.com\/www.phonedroid.fr\/blog\/wp-content\/uploads\/2024\/08\/PHONE-DROID_logotype.png?fit=280%2C80&ssl=1","width":280,"height":80,"caption":"PhoneDroid"},"image":{"@id":"https:\/\/www.phonedroid.fr\/blog\/#\/schema\/logo\/image\/"},"sameAs":["https:\/\/www.facebook.com\/pages\/Phonedroidfr\/503759289696160","https:\/\/x.com\/PhoneDroid_fr"]}]}},"jetpack_sharing_enabled":true,"_links":{"self":[{"href":"https:\/\/www.phonedroid.fr\/blog\/wp-json\/wp\/v2\/pages\/2","targetHints":{"allow":["GET"]}}],"collection":[{"href":"https:\/\/www.phonedroid.fr\/blog\/wp-json\/wp\/v2\/pages"}],"about":[{"href":"https:\/\/www.phonedroid.fr\/blog\/wp-json\/wp\/v2\/types\/page"}],"author":[{"embeddable":true,"href":"https:\/\/www.phonedroid.fr\/blog\/wp-json\/wp\/v2\/users\/1"}],"replies":[{"embeddable":true,"href":"https:\/\/www.phonedroid.fr\/blog\/wp-json\/wp\/v2\/comments?post=2"}],"version-history":[{"count":4,"href":"https:\/\/www.phonedroid.fr\/blog\/wp-json\/wp\/v2\/pages\/2\/revisions"}],"predecessor-version":[{"id":2260,"href":"https:\/\/www.phonedroid.fr\/blog\/wp-json\/wp\/v2\/pages\/2\/revisions\/2260"}],"wp:attachment":[{"href":"https:\/\/www.phonedroid.fr\/blog\/wp-json\/wp\/v2\/media?parent=2"}],"curies":[{"name":"wp","href":"https:\/\/api.w.org\/{rel}","templated":true}]}}